{"id":2000,"date":"2021-04-20T14:59:29","date_gmt":"2021-04-20T14:59:29","guid":{"rendered":"https:\/\/tobel.qodeinteractive.com\/?page_id=2000"},"modified":"2022-02-02T15:50:53","modified_gmt":"2022-02-02T15:50:53","slug":"sobre-nos","status":"publish","type":"page","link":"https:\/\/aldomanzoni.com\/pt\/sobre-nos\/","title":{"rendered":"Sobre N\u00f3s"},"content":{"rendered":"\t\t<div data-elementor-type=\"wp-page\" data-elementor-id=\"2000\" class=\"elementor elementor-2000\">\n\t\t\t\t\t\t\t\t\t<section class=\"elementor-section elementor-top-section elementor-element elementor-element-6c1e2aa0 elementor-section-full_width qodef-elementor-content-grid elementor-section-height-default elementor-section-height-default qodef-elementor-overlay-no\" data-id=\"6c1e2aa0\" data-element_type=\"section\">\n\t\t\t\t\t\t<div class=\"elementor-container elementor-column-gap-default\">\n\t\t\t\t\t<div class=\"elementor-column elementor-col-100 elementor-top-column elementor-element elementor-element-58d80f57\" data-id=\"58d80f57\" data-element_type=\"column\">\n\t\t\t<div class=\"elementor-widget-wrap elementor-element-populated\">\n\t\t\t\t\t\t\t\t<div class=\"elementor-element elementor-element-6fc55d2c elementor-widget elementor-widget-tobel_core_section_title\" data-id=\"6fc55d2c\" data-element_type=\"widget\" data-widget_type=\"tobel_core_section_title.default\">\n\t\t\t\t<div class=\"elementor-widget-container\">\n\t\t\t<div class=\"qodef-shortcode qodef-m  qodef-section-title qodef-alignment--left \">\n\t\t\t<h3 class=\"qodef-m-title\" >\n\t\t\t\t\tHist\u00f3ria\t\t\t<\/h3>\n\t<\/div>\n\t\t<\/div>\n\t\t\t\t<\/div>\n\t\t\t\t<div class=\"elementor-element elementor-element-3ebe8d73 elementor-widget elementor-widget-text-editor\" data-id=\"3ebe8d73\" data-element_type=\"widget\" data-widget_type=\"text-editor.default\">\n\t\t\t\t<div class=\"elementor-widget-container\">\n\t\t\t\t\t\t\t<p style=\"font-weight: 400;\">Aldo Manzoni nasce com a necessidade de acrescentar originalidade e conforto aos espa\u00e7os que nos acompanham diariamente. Para isso, disp\u00f5e de uma moderna unidade de produ\u00e7\u00e3o com cerca de 10.000m2, disfrutando de tecnologia de ponta, com mais de 50 colaboradores que diariamente melhoram a qualidade nos processos de fabrico e no design do produto<\/p><p style=\"font-weight: 400;\">Aldo Manzoni em parceria com os seus clientes e fornecedores, encontra solu\u00e7\u00f5es inovadoras e flex\u00edveis que proporcionam a capacidade de personalizar ambientes em fun\u00e7\u00e3o do cliente e espa\u00e7o. A conjuga\u00e7\u00e3o destes esfor\u00e7os \u00e9 relevante e valoriza o produto final.<\/p>\t\t\t\t\t\t<\/div>\n\t\t\t\t<\/div>\n\t\t\t\t\t<\/div>\n\t\t<\/div>\n\t\t\t\t\t\t\t<\/div>\n\t\t<\/section>\n\t\t\t\t<section class=\"elementor-section elementor-top-section elementor-element elementor-element-aab320d elementor-section-full_width qodef-elementor-content-grid elementor-section-height-default elementor-section-height-default qodef-elementor-overlay-no\" data-id=\"aab320d\" data-element_type=\"section\">\n\t\t\t\t\t\t<div class=\"elementor-container elementor-column-gap-default\">\n\t\t\t\t\t<div class=\"elementor-column elementor-col-33 elementor-top-column elementor-element elementor-element-c46eec7\" data-id=\"c46eec7\" data-element_type=\"column\">\n\t\t\t<div class=\"elementor-widget-wrap elementor-element-populated\">\n\t\t\t\t\t\t\t\t<div class=\"elementor-element elementor-element-e74c18f elementor-widget elementor-widget-text-editor\" data-id=\"e74c18f\" data-element_type=\"widget\" data-widget_type=\"text-editor.default\">\n\t\t\t\t<div class=\"elementor-widget-container\">\n\t\t\t\t\t\t\t<h4>MISS\u00c3O<\/h4>\t\t\t\t\t\t<\/div>\n\t\t\t\t<\/div>\n\t\t\t\t<div class=\"elementor-element elementor-element-6e5e649 elementor-widget elementor-widget-text-editor\" data-id=\"6e5e649\" data-element_type=\"widget\" data-widget_type=\"text-editor.default\">\n\t\t\t\t<div class=\"elementor-widget-container\">\n\t\t\t\t\t\t\t<p style=\"font-weight: 400;\">Aldo Manzoni tem por miss\u00e3o disponibilizar as suas cole\u00e7\u00f5es para criar ambientes onde a eleg\u00e2ncia no conceito, a versatilidade nas formas e o rigor nos acabamentos proporcionam um contexto de charme e de bem-estar.<\/p><p style=\"font-weight: 400;\">Desde o pedido espec\u00edfico, ao detalhe, tudo \u00e9 pensado para que o cliente tenha em m\u00e3os a solu\u00e7\u00e3o pretendida.<\/p><p style=\"font-weight: 400;\">O esfor\u00e7o permanente \u00e0 procura da perfei\u00e7\u00e3o permite-nos alcan\u00e7ar elevados padr\u00f5es de qualidade traduzidos no ambiente final.<\/p>\t\t\t\t\t\t<\/div>\n\t\t\t\t<\/div>\n\t\t\t\t\t<\/div>\n\t\t<\/div>\n\t\t\t\t<div class=\"elementor-column elementor-col-33 elementor-top-column elementor-element elementor-element-66608b3\" data-id=\"66608b3\" data-element_type=\"column\">\n\t\t\t<div class=\"elementor-widget-wrap\">\n\t\t\t\t\t\t\t\t\t<\/div>\n\t\t<\/div>\n\t\t\t\t<div class=\"elementor-column elementor-col-33 elementor-top-column elementor-element elementor-element-f0783c1\" data-id=\"f0783c1\" data-element_type=\"column\">\n\t\t\t<div class=\"elementor-widget-wrap elementor-element-populated\">\n\t\t\t\t\t\t\t\t<div class=\"elementor-element elementor-element-34f84bf elementor-widget elementor-widget-text-editor\" data-id=\"34f84bf\" data-element_type=\"widget\" data-widget_type=\"text-editor.default\">\n\t\t\t\t<div class=\"elementor-widget-container\">\n\t\t\t\t\t\t\t<h4>Valores<\/h4>\t\t\t\t\t\t<\/div>\n\t\t\t\t<\/div>\n\t\t\t\t<div class=\"elementor-element elementor-element-302a8be elementor-widget elementor-widget-text-editor\" data-id=\"302a8be\" data-element_type=\"widget\" data-widget_type=\"text-editor.default\">\n\t\t\t\t<div class=\"elementor-widget-container\">\n\t\t\t\t\t\t\t<p style=\"font-weight: 400;\">Aldo Manzoni privilegia a lealdade, transpar\u00eancia, confian\u00e7a e rigor nas rela\u00e7\u00f5es com os parceiros onde se integra.<\/p><p style=\"font-weight: 400;\">Desde a an\u00e1lise cuidada da solicita\u00e7\u00e3o do cliente at\u00e9 \u00e0 entrega, exigimos aos nossos colaboradores e fornecedores o maior empenho, tendo em vista a satisfa\u00e7\u00e3o final.<\/p>\t\t\t\t\t\t<\/div>\n\t\t\t\t<\/div>\n\t\t\t\t\t<\/div>\n\t\t<\/div>\n\t\t\t\t\t\t\t<\/div>\n\t\t<\/section>\n\t\t\t\t<section class=\"elementor-section elementor-top-section elementor-element elementor-element-a55e96c elementor-section-full_width elementor-section-height-default elementor-section-height-default qodef-elementor-content-no qodef-elementor-overlay-no\" data-id=\"a55e96c\" data-element_type=\"section\">\n\t\t\t\t\t\t<div class=\"elementor-container elementor-column-gap-no\">\n\t\t\t\t\t<div class=\"elementor-column elementor-col-100 elementor-top-column elementor-element elementor-element-7355aa6\" data-id=\"7355aa6\" data-element_type=\"column\">\n\t\t\t<div class=\"elementor-widget-wrap elementor-element-populated\">\n\t\t\t\t\t\t\t\t<div class=\"elementor-element elementor-element-a41e24e elementor-widget elementor-widget-tobel_core_video_button\" data-id=\"a41e24e\" data-element_type=\"widget\" data-widget_type=\"tobel_core_video_button.default\">\n\t\t\t\t<div class=\"elementor-widget-container\">\n\t\t\t<div class=\"qodef-shortcode qodef-m  qodef-video-button qodef--has-img\">\n\t\t<div class=\"qodef-m-image\">\n\t\t<img width=\"2560\" height=\"933\" src=\"https:\/\/aldomanzoni.com\/wp-content\/uploads\/2021\/06\/About-video-img.jpg\" class=\"attachment-full size-full\" alt=\"a\" loading=\"lazy\" srcset=\"https:\/\/aldomanzoni.com\/wp-content\/uploads\/2021\/06\/About-video-img.jpg 2560w, https:\/\/aldomanzoni.com\/wp-content\/uploads\/2021\/06\/About-video-img-600x219.jpg 600w, https:\/\/aldomanzoni.com\/wp-content\/uploads\/2021\/06\/About-video-img-300x109.jpg 300w, https:\/\/aldomanzoni.com\/wp-content\/uploads\/2021\/06\/About-video-img-1024x373.jpg 1024w, https:\/\/aldomanzoni.com\/wp-content\/uploads\/2021\/06\/About-video-img-768x280.jpg 768w, https:\/\/aldomanzoni.com\/wp-content\/uploads\/2021\/06\/About-video-img-1536x560.jpg 1536w, https:\/\/aldomanzoni.com\/wp-content\/uploads\/2021\/06\/About-video-img-2048x746.jpg 2048w\" sizes=\"(max-width: 2560px) 100vw, 2560px\" \/>\t<\/div>\n\t\t<a itemprop=\"url\" class=\"qodef-m-play qodef-magnific-popup qodef-popup-item\" href=\"#\" data-type=\"iframe\">\n\t\t<span class=\"qodef-m-play-inner\" >\n\t\t\t<span class=\"qodef-m-play-text\" >\n\t\t\t\tPlay\t\t\t<\/span>\n\t\t\t<svg xmlns=\"http:\/\/www.w3.org\/2000\/svg\" xmlns:xlink=\"http:\/\/www.w3.org\/1999\/xlink\" viewBox=\"0 0 201.5 201.5\"  >\n\t\t\t\t<path d=\"M100.500,0.499 C155.728,0.499 200.500,45.270 200.500,100.498 C200.500,155.726 155.728,200.498 100.500,200.498 C45.271,200.498 0.500,155.726 0.500,100.498 C0.500,45.270 45.271,0.499 100.500,0.499 Z\"\/>\n\t\t\t<\/svg>\n\t\t<\/span>\n\t<\/a>\n<\/div>\n\t\t<\/div>\n\t\t\t\t<\/div>\n\t\t\t\t\t<\/div>\n\t\t<\/div>\n\t\t\t\t\t\t\t<\/div>\n\t\t<\/section>\n\t\t\t\t<section class=\"elementor-section elementor-top-section elementor-element elementor-element-bc99990 elementor-section-full_width qodef-elementor-content-grid qodef-extended-grid qodef-extended-grid--right qodef-extended-grid-disabled--1024 elementor-section-height-default elementor-section-height-default qodef-elementor-overlay-no\" data-id=\"bc99990\" data-element_type=\"section\">\n\t\t\t\t\t\t<div class=\"elementor-container elementor-column-gap-default\">\n\t\t\t\t\t<div class=\"elementor-column elementor-col-50 elementor-top-column elementor-element elementor-element-f15e625\" data-id=\"f15e625\" data-element_type=\"column\">\n\t\t\t<div class=\"elementor-widget-wrap elementor-element-populated\">\n\t\t\t\t\t\t\t\t<div class=\"elementor-element elementor-element-31e35cf elementor-widget elementor-widget-tobel_core_section_title\" data-id=\"31e35cf\" data-element_type=\"widget\" data-widget_type=\"tobel_core_section_title.default\">\n\t\t\t\t<div class=\"elementor-widget-container\">\n\t\t\t<div class=\"qodef-shortcode qodef-m  qodef-section-title qodef-alignment--left \">\n\t\t<p class=\"qodef-m-subtitle\" style=\"margin-bottom: 2px;font-size: 50px\">\n\t\tContact us\t<\/p>\n\t\t<h3 class=\"qodef-m-title\" >\n\t\t\t\t\tlet's make something unique together\t\t\t<\/h3>\n\t<\/div>\n\t\t<\/div>\n\t\t\t\t<\/div>\n\t\t\t\t<div class=\"elementor-element elementor-element-cb90f21 elementor-widget elementor-widget-wp-widget-tobel_core_contact_form_7\" data-id=\"cb90f21\" data-element_type=\"widget\" data-widget_type=\"wp-widget-tobel_core_contact_form_7.default\">\n\t\t\t\t<div class=\"elementor-widget-container\">\n\t\t\t\t\t\t<div class=\"qodef-contact-form-7\">\n\t\t\t\t<div role=\"form\" class=\"wpcf7\" id=\"wpcf7-f129-o1\" lang=\"pt\" dir=\"ltr\">\n<div class=\"screen-reader-response\"><p role=\"status\" aria-live=\"polite\" aria-atomic=\"true\"><\/p> <ul><\/ul><\/div>\n<form action=\"\/pt\/wp-json\/wp\/v2\/pages\/2000#wpcf7-f129-o1\" method=\"post\" class=\"wpcf7-form init\" novalidate=\"novalidate\" data-status=\"init\">\n<div style=\"display: none;\">\n<input type=\"hidden\" name=\"_wpcf7\" value=\"129\" \/>\n<input type=\"hidden\" name=\"_wpcf7_version\" value=\"5.5.6.1\" \/>\n<input type=\"hidden\" name=\"_wpcf7_locale\" value=\"pt\" \/>\n<input type=\"hidden\" name=\"_wpcf7_unit_tag\" value=\"wpcf7-f129-o1\" \/>\n<input type=\"hidden\" name=\"_wpcf7_container_post\" value=\"0\" \/>\n<input type=\"hidden\" name=\"_wpcf7_posted_data_hash\" value=\"\" \/>\n<\/div>\n<div class=\"qodef-grid qodef-layout--template\">\n<div class=\"qodef-grid-inner\">\n<div class=\"qodef-grid-item qodef-col--12\">\n <span class=\"wpcf7-form-control-wrap your-name\"><input type=\"text\" name=\"your-name\" value=\"\" size=\"40\" class=\"wpcf7-form-control wpcf7-text wpcf7-validates-as-required\" aria-required=\"true\" aria-invalid=\"false\" placeholder=\"Full name\" \/><\/span>\n<\/div>\n<div class=\"qodef-grid-item qodef-col--12\">\n <span class=\"wpcf7-form-control-wrap your-email\"><input type=\"email\" name=\"your-email\" value=\"\" size=\"40\" class=\"wpcf7-form-control wpcf7-text wpcf7-email wpcf7-validates-as-required wpcf7-validates-as-email\" aria-required=\"true\" aria-invalid=\"false\" placeholder=\"E-mail\" \/><\/span>\n<\/div>\n<div class=\"qodef-grid-item qodef-col--12\">\n <span class=\"wpcf7-form-control-wrap your-message\"><textarea name=\"your-message\" cols=\"40\" rows=\"10\" class=\"wpcf7-form-control wpcf7-textarea\" aria-invalid=\"false\" placeholder=\"Message\"><\/textarea><\/span>\n<\/div>\n<div class=\"qodef-grid-item qodef-col--12\" style=\"text-align: left;margin-top: 33px;\">\n<button type=\"submit\" class=\"wpcf7-form-control wpcf7-submit qodef-layout--outlined qodef-size--small qodef-button qodef-size--normal qodef-layout--filled qodef-m\"><span class=\"qodef-m-text\">Send Message<\/span><\/button>\n<\/div>\n<\/div>\n<\/div><div class=\"wpcf7-response-output\" aria-hidden=\"true\"><\/div><\/form><\/div>\t\t\t<\/div>\n\t\t\t\t\t<\/div>\n\t\t\t\t<\/div>\n\t\t\t\t\t<\/div>\n\t\t<\/div>\n\t\t\t\t<div class=\"elementor-column elementor-col-50 elementor-top-column elementor-element elementor-element-470c597\" data-id=\"470c597\" data-element_type=\"column\">\n\t\t\t<div class=\"elementor-widget-wrap elementor-element-populated\">\n\t\t\t\t\t\t\t\t<div class=\"elementor-element elementor-element-deb4cca elementor-widget elementor-widget-tobel_core_google_map\" data-id=\"deb4cca\" data-element_type=\"widget\" data-widget_type=\"tobel_core_google_map.default\">\n\t\t\t\t<div class=\"elementor-widget-container\">\n\t\t\t<div class=\"qodef-shortcode qodef-m  qodef-google-map\">\n\t<div class=\"qodef-m-map\" id=\"qodef-map-id--37\" data-addresses='[\"110 1st St, Jersey City, NJ 07302, United States\"]' data-pin=https:\/\/aldomanzoni.com\/wp-content\/uploads\/2021\/05\/Pin.png data-unique-id=37 data-height=505><\/div>\n<\/div>\n\t\t<\/div>\n\t\t\t\t<\/div>\n\t\t\t\t\t<\/div>\n\t\t<\/div>\n\t\t\t\t\t\t\t<\/div>\n\t\t<\/section>\n\t\t\t\t\t\t\t<\/div>\n\t\t","protected":false},"excerpt":{"rendered":"<p>Hist\u00f3ria Aldo Manzoni nasce com a necessidade de acrescentar originalidade e conforto aos espa\u00e7os que nos acompanham diariamente. Para isso, disp\u00f5e de uma moderna unidade de produ\u00e7\u00e3o com cerca de 10.000m2, disfrutando de tecnologia de ponta, com mais de 50 colaboradores que diariamente melhoram a qualidade nos processos de fabrico e no design do produto [&hellip;]<\/p>\n","protected":false},"author":1,"featured_media":0,"parent":0,"menu_order":0,"comment_status":"closed","ping_status":"closed","template":"page-full-width.php","meta":{"om_disable_all_campaigns":false,"_monsterinsights_skip_tracking":false,"_monsterinsights_sitenote_active":false,"_monsterinsights_sitenote_note":"","_monsterinsights_sitenote_category":0},"_links":{"self":[{"href":"https:\/\/aldomanzoni.com\/pt\/wp-json\/wp\/v2\/pages\/2000"}],"collection":[{"href":"https:\/\/aldomanzoni.com\/pt\/wp-json\/wp\/v2\/pages"}],"about":[{"href":"https:\/\/aldomanzoni.com\/pt\/wp-json\/wp\/v2\/types\/page"}],"author":[{"embeddable":true,"href":"https:\/\/aldomanzoni.com\/pt\/wp-json\/wp\/v2\/users\/1"}],"replies":[{"embeddable":true,"href":"https:\/\/aldomanzoni.com\/pt\/wp-json\/wp\/v2\/comments?post=2000"}],"version-history":[{"count":8,"href":"https:\/\/aldomanzoni.com\/pt\/wp-json\/wp\/v2\/pages\/2000\/revisions"}],"predecessor-version":[{"id":8042,"href":"https:\/\/aldomanzoni.com\/pt\/wp-json\/wp\/v2\/pages\/2000\/revisions\/8042"}],"wp:attachment":[{"href":"https:\/\/aldomanzoni.com\/pt\/wp-json\/wp\/v2\/media?parent=2000"}],"curies":[{"name":"wp","href":"https:\/\/api.w.org\/{rel}","templated":true}]}}