{"id":7694,"date":"2021-12-06T16:30:27","date_gmt":"2021-12-06T16:30:27","guid":{"rendered":"https:\/\/aldo.viriatoeviriato.com\/?page_id=7694"},"modified":"2022-05-27T14:49:40","modified_gmt":"2022-05-27T14:49:40","slug":"sala-de-estar","status":"publish","type":"page","link":"https:\/\/aldomanzoni.com\/pt\/produtos\/sala-de-estar\/","title":{"rendered":"Sala de Estar"},"content":{"rendered":"\t\t<div data-elementor-type=\"wp-page\" data-elementor-id=\"7694\" class=\"elementor elementor-7694\">\n\t\t\t\t\t\t\t\t\t<section class=\"elementor-section elementor-top-section elementor-element elementor-element-2b4cdd0f elementor-section-boxed elementor-section-height-default elementor-section-height-default qodef-elementor-content-no qodef-elementor-overlay-no\" data-id=\"2b4cdd0f\" data-element_type=\"section\">\n\t\t\t\t\t\t<div class=\"elementor-container elementor-column-gap-default\">\n\t\t\t\t\t<div class=\"elementor-column elementor-col-33 elementor-top-column elementor-element elementor-element-4b1d68bf\" data-id=\"4b1d68bf\" data-element_type=\"column\">\n\t\t\t<div class=\"elementor-widget-wrap elementor-element-populated\">\n\t\t\t\t\t\t\t\t<div class=\"elementor-element elementor-element-41d13c42 elementor-widget elementor-widget-qi_addons_for_elementor_banner\" data-id=\"41d13c42\" data-element_type=\"widget\" data-widget_type=\"qi_addons_for_elementor_banner.default\">\n\t\t\t\t<div class=\"elementor-widget-container\">\n\t\t\t<div class=\"qodef-shortcode qodef-m  qodef-qi-banner qodef-layout--standard qodef-vertical--bottom qodef-horizontal--left qodef-image--hover-zoom \">\n\t<div class=\"qodef-m-image\">\n\t<img width=\"2500\" height=\"2500\" src=\"https:\/\/aldomanzoni.com\/wp-content\/uploads\/2021\/11\/Moveis-TV-Vista-F.png\" class=\"attachment-full size-full\" alt=\"\" loading=\"lazy\" srcset=\"https:\/\/aldomanzoni.com\/wp-content\/uploads\/2021\/11\/Moveis-TV-Vista-F.png 2500w, https:\/\/aldomanzoni.com\/wp-content\/uploads\/2021\/11\/Moveis-TV-Vista-F-300x300.png 300w, https:\/\/aldomanzoni.com\/wp-content\/uploads\/2021\/11\/Moveis-TV-Vista-F-1024x1024.png 1024w, https:\/\/aldomanzoni.com\/wp-content\/uploads\/2021\/11\/Moveis-TV-Vista-F-150x150.png 150w, https:\/\/aldomanzoni.com\/wp-content\/uploads\/2021\/11\/Moveis-TV-Vista-F-768x768.png 768w, https:\/\/aldomanzoni.com\/wp-content\/uploads\/2021\/11\/Moveis-TV-Vista-F-1536x1536.png 1536w, https:\/\/aldomanzoni.com\/wp-content\/uploads\/2021\/11\/Moveis-TV-Vista-F-2048x2048.png 2048w, https:\/\/aldomanzoni.com\/wp-content\/uploads\/2021\/11\/Moveis-TV-Vista-F-650x650.png 650w, https:\/\/aldomanzoni.com\/wp-content\/uploads\/2021\/11\/Moveis-TV-Vista-F-1300x1300.png 1300w, https:\/\/aldomanzoni.com\/wp-content\/uploads\/2021\/11\/Moveis-TV-Vista-F-600x600.png 600w, https:\/\/aldomanzoni.com\/wp-content\/uploads\/2021\/11\/Moveis-TV-Vista-F-100x100.png 100w\" sizes=\"(max-width: 2500px) 100vw, 2500px\" \/><\/div>\n\t<div class=\"qodef-m-content\">\n\t\t<div class=\"qodef-m-content-inner\">\n\t\t\t\t\t\t\t<h4 class=\"qodef-m-title\">\n\t\tM\u00f3veis TV\t<\/h4>\n\t\t\t\t\t\t\t\t<\/div>\n\t<\/div>\n\t\t<a itemprop=\"url\" href=\"https:\/\/aldomanzoni.com\/produtos\/sala-de-estar\/moveis-tv\/\" class=\"qodef-m-banner-link\" target=\"_self\"><\/a>\n<\/div>\n\t\t<\/div>\n\t\t\t\t<\/div>\n\t\t\t\t\t<\/div>\n\t\t<\/div>\n\t\t\t\t<div class=\"elementor-column elementor-col-33 elementor-top-column elementor-element elementor-element-56521217\" data-id=\"56521217\" data-element_type=\"column\">\n\t\t\t<div class=\"elementor-widget-wrap elementor-element-populated\">\n\t\t\t\t\t\t\t\t<div class=\"elementor-element elementor-element-a5ed6a7 elementor-widget elementor-widget-qi_addons_for_elementor_banner\" data-id=\"a5ed6a7\" data-element_type=\"widget\" data-widget_type=\"qi_addons_for_elementor_banner.default\">\n\t\t\t\t<div class=\"elementor-widget-container\">\n\t\t\t<div class=\"qodef-shortcode qodef-m  qodef-qi-banner qodef-layout--standard qodef-vertical--bottom qodef-horizontal--left qodef-image--hover-zoom \">\n\t<div class=\"qodef-m-image\">\n\t<img width=\"2500\" height=\"2500\" src=\"https:\/\/aldomanzoni.com\/wp-content\/uploads\/2021\/11\/Mesa-de-Centro-Imperador.jpg\" class=\"attachment-full size-full\" alt=\"\" loading=\"lazy\" srcset=\"https:\/\/aldomanzoni.com\/wp-content\/uploads\/2021\/11\/Mesa-de-Centro-Imperador.jpg 2500w, https:\/\/aldomanzoni.com\/wp-content\/uploads\/2021\/11\/Mesa-de-Centro-Imperador-300x300.jpg 300w, https:\/\/aldomanzoni.com\/wp-content\/uploads\/2021\/11\/Mesa-de-Centro-Imperador-1024x1024.jpg 1024w, https:\/\/aldomanzoni.com\/wp-content\/uploads\/2021\/11\/Mesa-de-Centro-Imperador-150x150.jpg 150w, https:\/\/aldomanzoni.com\/wp-content\/uploads\/2021\/11\/Mesa-de-Centro-Imperador-768x768.jpg 768w, https:\/\/aldomanzoni.com\/wp-content\/uploads\/2021\/11\/Mesa-de-Centro-Imperador-1536x1536.jpg 1536w, https:\/\/aldomanzoni.com\/wp-content\/uploads\/2021\/11\/Mesa-de-Centro-Imperador-2048x2048.jpg 2048w, https:\/\/aldomanzoni.com\/wp-content\/uploads\/2021\/11\/Mesa-de-Centro-Imperador-650x650.jpg 650w, https:\/\/aldomanzoni.com\/wp-content\/uploads\/2021\/11\/Mesa-de-Centro-Imperador-1300x1300.jpg 1300w, https:\/\/aldomanzoni.com\/wp-content\/uploads\/2021\/11\/Mesa-de-Centro-Imperador-600x600.jpg 600w, https:\/\/aldomanzoni.com\/wp-content\/uploads\/2021\/11\/Mesa-de-Centro-Imperador-100x100.jpg 100w\" sizes=\"(max-width: 2500px) 100vw, 2500px\" \/><\/div>\n\t<div class=\"qodef-m-content\">\n\t\t<div class=\"qodef-m-content-inner\">\n\t\t\t\t\t\t\t<h4 class=\"qodef-m-title\">\n\t\tMesas de Centro\t<\/h4>\n\t\t\t\t\t\t\t\t<\/div>\n\t<\/div>\n\t\t<a itemprop=\"url\" href=\"https:\/\/aldomanzoni.com\/produtos\/sala-de-estar\/mesas-de-centro\/\" class=\"qodef-m-banner-link\" target=\"_self\"><\/a>\n<\/div>\n\t\t<\/div>\n\t\t\t\t<\/div>\n\t\t\t\t\t<\/div>\n\t\t<\/div>\n\t\t\t\t<div class=\"elementor-column elementor-col-33 elementor-top-column elementor-element elementor-element-7a281926\" data-id=\"7a281926\" data-element_type=\"column\">\n\t\t\t<div class=\"elementor-widget-wrap elementor-element-populated\">\n\t\t\t\t\t\t\t\t<div class=\"elementor-element elementor-element-52b3fcaf elementor-widget elementor-widget-qi_addons_for_elementor_banner\" data-id=\"52b3fcaf\" data-element_type=\"widget\" data-widget_type=\"qi_addons_for_elementor_banner.default\">\n\t\t\t\t<div class=\"elementor-widget-container\">\n\t\t\t<div class=\"qodef-shortcode qodef-m  qodef-qi-banner qodef-layout--standard qodef-vertical--bottom qodef-horizontal--left qodef-image--hover-zoom \">\n\t<div class=\"qodef-m-image\">\n\t<img width=\"2500\" height=\"2500\" src=\"https:\/\/aldomanzoni.com\/wp-content\/uploads\/2021\/11\/Mesa-Lateral-Imperador.jpg\" class=\"attachment-full size-full\" alt=\"\" loading=\"lazy\" srcset=\"https:\/\/aldomanzoni.com\/wp-content\/uploads\/2021\/11\/Mesa-Lateral-Imperador.jpg 2500w, https:\/\/aldomanzoni.com\/wp-content\/uploads\/2021\/11\/Mesa-Lateral-Imperador-300x300.jpg 300w, https:\/\/aldomanzoni.com\/wp-content\/uploads\/2021\/11\/Mesa-Lateral-Imperador-1024x1024.jpg 1024w, https:\/\/aldomanzoni.com\/wp-content\/uploads\/2021\/11\/Mesa-Lateral-Imperador-150x150.jpg 150w, https:\/\/aldomanzoni.com\/wp-content\/uploads\/2021\/11\/Mesa-Lateral-Imperador-768x768.jpg 768w, https:\/\/aldomanzoni.com\/wp-content\/uploads\/2021\/11\/Mesa-Lateral-Imperador-1536x1536.jpg 1536w, https:\/\/aldomanzoni.com\/wp-content\/uploads\/2021\/11\/Mesa-Lateral-Imperador-2048x2048.jpg 2048w, https:\/\/aldomanzoni.com\/wp-content\/uploads\/2021\/11\/Mesa-Lateral-Imperador-650x650.jpg 650w, https:\/\/aldomanzoni.com\/wp-content\/uploads\/2021\/11\/Mesa-Lateral-Imperador-1300x1300.jpg 1300w, https:\/\/aldomanzoni.com\/wp-content\/uploads\/2021\/11\/Mesa-Lateral-Imperador-600x600.jpg 600w, https:\/\/aldomanzoni.com\/wp-content\/uploads\/2021\/11\/Mesa-Lateral-Imperador-100x100.jpg 100w\" sizes=\"(max-width: 2500px) 100vw, 2500px\" \/><\/div>\n\t<div class=\"qodef-m-content\">\n\t\t<div class=\"qodef-m-content-inner\">\n\t\t\t\t\t\t\t<h4 class=\"qodef-m-title\">\n\t\tMesas de Apoio\t<\/h4>\n\t\t\t\t\t\t\t\t<\/div>\n\t<\/div>\n\t\t<a itemprop=\"url\" href=\"https:\/\/aldomanzoni.com\/produtos\/sala-de-estar\/mesas-de-apoio\/\" class=\"qodef-m-banner-link\" target=\"_self\"><\/a>\n<\/div>\n\t\t<\/div>\n\t\t\t\t<\/div>\n\t\t\t\t\t<\/div>\n\t\t<\/div>\n\t\t\t\t\t\t\t<\/div>\n\t\t<\/section>\n\t\t\t\t<section class=\"elementor-section elementor-top-section elementor-element elementor-element-4929d1b8 elementor-section-boxed elementor-section-height-default elementor-section-height-default qodef-elementor-content-no qodef-elementor-overlay-no\" data-id=\"4929d1b8\" data-element_type=\"section\">\n\t\t\t\t\t\t<div class=\"elementor-container elementor-column-gap-default\">\n\t\t\t\t\t<div class=\"elementor-column elementor-col-33 elementor-top-column elementor-element elementor-element-59cf33b4\" data-id=\"59cf33b4\" data-element_type=\"column\">\n\t\t\t<div class=\"elementor-widget-wrap elementor-element-populated\">\n\t\t\t\t\t\t\t\t<div class=\"elementor-element elementor-element-2114599d elementor-widget elementor-widget-qi_addons_for_elementor_banner\" data-id=\"2114599d\" data-element_type=\"widget\" data-widget_type=\"qi_addons_for_elementor_banner.default\">\n\t\t\t\t<div class=\"elementor-widget-container\">\n\t\t\t<div class=\"qodef-shortcode qodef-m  qodef-qi-banner qodef-layout--standard qodef-vertical--bottom qodef-horizontal--left qodef-image--hover-zoom \">\n\t<div class=\"qodef-m-image\">\n\t<img width=\"2500\" height=\"2500\" src=\"https:\/\/aldomanzoni.com\/wp-content\/uploads\/2021\/11\/Sofa-Imperador.jpg\" class=\"attachment-full size-full\" alt=\"\" loading=\"lazy\" srcset=\"https:\/\/aldomanzoni.com\/wp-content\/uploads\/2021\/11\/Sofa-Imperador.jpg 2500w, https:\/\/aldomanzoni.com\/wp-content\/uploads\/2021\/11\/Sofa-Imperador-300x300.jpg 300w, https:\/\/aldomanzoni.com\/wp-content\/uploads\/2021\/11\/Sofa-Imperador-1024x1024.jpg 1024w, https:\/\/aldomanzoni.com\/wp-content\/uploads\/2021\/11\/Sofa-Imperador-150x150.jpg 150w, https:\/\/aldomanzoni.com\/wp-content\/uploads\/2021\/11\/Sofa-Imperador-768x768.jpg 768w, https:\/\/aldomanzoni.com\/wp-content\/uploads\/2021\/11\/Sofa-Imperador-1536x1536.jpg 1536w, https:\/\/aldomanzoni.com\/wp-content\/uploads\/2021\/11\/Sofa-Imperador-2048x2048.jpg 2048w, https:\/\/aldomanzoni.com\/wp-content\/uploads\/2021\/11\/Sofa-Imperador-650x650.jpg 650w, https:\/\/aldomanzoni.com\/wp-content\/uploads\/2021\/11\/Sofa-Imperador-1300x1300.jpg 1300w, https:\/\/aldomanzoni.com\/wp-content\/uploads\/2021\/11\/Sofa-Imperador-600x600.jpg 600w, https:\/\/aldomanzoni.com\/wp-content\/uploads\/2021\/11\/Sofa-Imperador-100x100.jpg 100w\" sizes=\"(max-width: 2500px) 100vw, 2500px\" \/><\/div>\n\t<div class=\"qodef-m-content\">\n\t\t<div class=\"qodef-m-content-inner\">\n\t\t\t\t\t\t\t<h4 class=\"qodef-m-title\">\n\t\tSof\u00e1s\t<\/h4>\n\t\t\t\t\t\t\t\t<\/div>\n\t<\/div>\n\t\t<a itemprop=\"url\" href=\"https:\/\/aldomanzoni.com\/produtos\/sala-de-estar\/sofas\/\" class=\"qodef-m-banner-link\" target=\"_self\"><\/a>\n<\/div>\n\t\t<\/div>\n\t\t\t\t<\/div>\n\t\t\t\t\t<\/div>\n\t\t<\/div>\n\t\t\t\t<div class=\"elementor-column elementor-col-33 elementor-top-column elementor-element elementor-element-2a583d25\" data-id=\"2a583d25\" data-element_type=\"column\">\n\t\t\t<div class=\"elementor-widget-wrap elementor-element-populated\">\n\t\t\t\t\t\t\t\t<div class=\"elementor-element elementor-element-1cc7cad1 elementor-widget elementor-widget-qi_addons_for_elementor_banner\" data-id=\"1cc7cad1\" data-element_type=\"widget\" data-widget_type=\"qi_addons_for_elementor_banner.default\">\n\t\t\t\t<div class=\"elementor-widget-container\">\n\t\t\t<div class=\"qodef-shortcode qodef-m  qodef-qi-banner qodef-layout--standard qodef-vertical--bottom qodef-horizontal--left qodef-image--hover-zoom \">\n\t<div class=\"qodef-m-image\">\n\t<img width=\"2500\" height=\"2500\" src=\"https:\/\/aldomanzoni.com\/wp-content\/uploads\/2021\/11\/UN2210.jpg\" class=\"attachment-full size-full\" alt=\"\" loading=\"lazy\" srcset=\"https:\/\/aldomanzoni.com\/wp-content\/uploads\/2021\/11\/UN2210.jpg 2500w, https:\/\/aldomanzoni.com\/wp-content\/uploads\/2021\/11\/UN2210-300x300.jpg 300w, https:\/\/aldomanzoni.com\/wp-content\/uploads\/2021\/11\/UN2210-1024x1024.jpg 1024w, https:\/\/aldomanzoni.com\/wp-content\/uploads\/2021\/11\/UN2210-150x150.jpg 150w, https:\/\/aldomanzoni.com\/wp-content\/uploads\/2021\/11\/UN2210-768x768.jpg 768w, https:\/\/aldomanzoni.com\/wp-content\/uploads\/2021\/11\/UN2210-1536x1536.jpg 1536w, https:\/\/aldomanzoni.com\/wp-content\/uploads\/2021\/11\/UN2210-2048x2048.jpg 2048w, https:\/\/aldomanzoni.com\/wp-content\/uploads\/2021\/11\/UN2210-650x650.jpg 650w, https:\/\/aldomanzoni.com\/wp-content\/uploads\/2021\/11\/UN2210-1300x1300.jpg 1300w, https:\/\/aldomanzoni.com\/wp-content\/uploads\/2021\/11\/UN2210-600x600.jpg 600w, https:\/\/aldomanzoni.com\/wp-content\/uploads\/2021\/11\/UN2210-100x100.jpg 100w\" sizes=\"(max-width: 2500px) 100vw, 2500px\" \/><\/div>\n\t<div class=\"qodef-m-content\">\n\t\t<div class=\"qodef-m-content-inner\">\n\t\t\t\t\t\t\t<h4 class=\"qodef-m-title\">\n\t\tCadeir\u00f5es\t<\/h4>\n\t\t\t\t\t\t\t\t<\/div>\n\t<\/div>\n\t\t<a itemprop=\"url\" href=\"https:\/\/aldomanzoni.com\/produtos\/sala-de-estar\/cadeiroes\/\" class=\"qodef-m-banner-link\" target=\"_self\"><\/a>\n<\/div>\n\t\t<\/div>\n\t\t\t\t<\/div>\n\t\t\t\t\t<\/div>\n\t\t<\/div>\n\t\t\t\t<div class=\"elementor-column elementor-col-33 elementor-top-column elementor-element elementor-element-cc9bcf4\" data-id=\"cc9bcf4\" data-element_type=\"column\">\n\t\t\t<div class=\"elementor-widget-wrap\">\n\t\t\t\t\t\t\t\t\t<\/div>\n\t\t<\/div>\n\t\t\t\t\t\t\t<\/div>\n\t\t<\/section>\n\t\t\t\t\t\t\t<\/div>\n\t\t","protected":false},"excerpt":{"rendered":"<p>M\u00f3veis TV Mesas de Centro Mesas de Apoio Sof\u00e1s Cadeir\u00f5es<\/p>\n","protected":false},"author":1,"featured_media":0,"parent":7637,"menu_order":0,"comment_status":"closed","ping_status":"closed","template":"","meta":{"om_disable_all_campaigns":false,"_monsterinsights_skip_tracking":false,"_monsterinsights_sitenote_active":false,"_monsterinsights_sitenote_note":"","_monsterinsights_sitenote_category":0},"_links":{"self":[{"href":"https:\/\/aldomanzoni.com\/pt\/wp-json\/wp\/v2\/pages\/7694"}],"collection":[{"href":"https:\/\/aldomanzoni.com\/pt\/wp-json\/wp\/v2\/pages"}],"about":[{"href":"https:\/\/aldomanzoni.com\/pt\/wp-json\/wp\/v2\/types\/page"}],"author":[{"embeddable":true,"href":"https:\/\/aldomanzoni.com\/pt\/wp-json\/wp\/v2\/users\/1"}],"replies":[{"embeddable":true,"href":"https:\/\/aldomanzoni.com\/pt\/wp-json\/wp\/v2\/comments?post=7694"}],"version-history":[{"count":7,"href":"https:\/\/aldomanzoni.com\/pt\/wp-json\/wp\/v2\/pages\/7694\/revisions"}],"predecessor-version":[{"id":10032,"href":"https:\/\/aldomanzoni.com\/pt\/wp-json\/wp\/v2\/pages\/7694\/revisions\/10032"}],"up":[{"embeddable":true,"href":"https:\/\/aldomanzoni.com\/pt\/wp-json\/wp\/v2\/pages\/7637"}],"wp:attachment":[{"href":"https:\/\/aldomanzoni.com\/pt\/wp-json\/wp\/v2\/media?parent=7694"}],"curies":[{"name":"wp","href":"https:\/\/api.w.org\/{rel}","templated":true}]}}