{"id":7224,"date":"2021-11-22T17:12:39","date_gmt":"2021-11-22T17:12:39","guid":{"rendered":"https:\/\/aldo.viriatoeviriato.com\/?post_type=product&#038;p=7224"},"modified":"2022-05-30T13:33:12","modified_gmt":"2022-05-30T13:33:12","slug":"aparador-fusion","status":"publish","type":"product","link":"https:\/\/aldomanzoni.com\/pt\/produtos\/aparador-fusion\/","title":{"rendered":"Aparador Fusion"},"content":{"rendered":"<p>Aparador 4 portas<\/p>\n<p>ref. <strong>FU1100<\/strong><\/p>\n","protected":false},"excerpt":{"rendered":"<h5>Aparador 4 portas<\/h5>\n<h5>ref. <strong>Fu1100<\/strong><\/h5>\n<ul>\n<li>Estrutura principal lacada a cor n\u00ba 041.<\/li>\n<li>Portas em folha n\u00ba 460 com orlas em lat\u00e3o escovado.<\/li>\n<li>Parte central com espelho e epoxy<\/li>\n<\/ul>\n<p><strong>Dimens\u00f5es<\/strong><\/p>\n<p>Largura: 2400 mm<br \/>\nProfundidade: 500 mm<br \/>\nAltura: 780 mm<\/p>\n<p>&nbsp;<\/p>\n<p>As imagens apresentadas s\u00e3o apenas representativas e \u00e9 poss\u00edvel personalizar os acabamentos e tamanhos.<\/p>\n","protected":false},"featured_media":9479,"comment_status":"open","ping_status":"closed","template":"","meta":{"om_disable_all_campaigns":false,"_monsterinsights_skip_tracking":false,"_monsterinsights_sitenote_active":false,"_monsterinsights_sitenote_note":"","_monsterinsights_sitenote_category":0},"product_cat":[35,59,49,41],"product_tag":[185,88],"_links":{"self":[{"href":"https:\/\/aldomanzoni.com\/pt\/wp-json\/wp\/v2\/product\/7224"}],"collection":[{"href":"https:\/\/aldomanzoni.com\/pt\/wp-json\/wp\/v2\/product"}],"about":[{"href":"https:\/\/aldomanzoni.com\/pt\/wp-json\/wp\/v2\/types\/product"}],"replies":[{"embeddable":true,"href":"https:\/\/aldomanzoni.com\/pt\/wp-json\/wp\/v2\/comments?post=7224"}],"wp:featuredmedia":[{"embeddable":true,"href":"https:\/\/aldomanzoni.com\/pt\/wp-json\/wp\/v2\/media\/9479"}],"wp:attachment":[{"href":"https:\/\/aldomanzoni.com\/pt\/wp-json\/wp\/v2\/media?parent=7224"}],"wp:term":[{"taxonomy":"product_cat","embeddable":true,"href":"https:\/\/aldomanzoni.com\/pt\/wp-json\/wp\/v2\/product_cat?post=7224"},{"taxonomy":"product_tag","embeddable":true,"href":"https:\/\/aldomanzoni.com\/pt\/wp-json\/wp\/v2\/product_tag?post=7224"}],"curies":[{"name":"wp","href":"https:\/\/api.w.org\/{rel}","templated":true}]}}