{"id":7234,"date":"2021-11-23T15:45:01","date_gmt":"2021-11-23T15:45:01","guid":{"rendered":"https:\/\/aldo.viriatoeviriato.com\/?post_type=product&#038;p=7234"},"modified":"2022-03-03T11:19:19","modified_gmt":"2022-03-03T11:19:19","slug":"cama-auri","status":"publish","type":"product","link":"https:\/\/aldomanzoni.com\/pt\/produtos\/cama-auri\/","title":{"rendered":"Cama Auri"},"content":{"rendered":"<p>Cama 160 * 200<\/p>\n<p>ref. <strong>AU2020<\/strong><\/p>\n","protected":false},"excerpt":{"rendered":"<h5>Cama 160 * 200<\/h5>\n<h5>ref. <strong>AU2020<\/strong><\/h5>\n<ul>\n<li>parte central em estofo e laterais com acabamento em folha de \u00e9bano a cor n\u00ba 400.<\/li>\n<li>Ilhargueiros e esponteira estofada.<\/li>\n<li>Tamanho da cama apresentado na foto para colch\u00e3o de 1600\u00d72000 .<\/li>\n<\/ul>\n<p><strong>Dimens\u00f5es<\/strong><\/p>\n<p>Largura: 3000 mm<br \/>\nProfundidade: 2105 mm<br \/>\nAltura: 1100 mm<\/p>\n<p>&nbsp;<\/p>\n<p>As imagens apresentadas s\u00e3o apenas representativas e \u00e9 poss\u00edvel personalizar os acabamentos e tamanhos.<\/p>\n","protected":false},"featured_media":9325,"comment_status":"open","ping_status":"closed","template":"","meta":{"om_disable_all_campaigns":false,"_monsterinsights_skip_tracking":false,"_monsterinsights_sitenote_active":false,"_monsterinsights_sitenote_note":"","_monsterinsights_sitenote_category":0},"product_cat":[57],"product_tag":[84],"_links":{"self":[{"href":"https:\/\/aldomanzoni.com\/pt\/wp-json\/wp\/v2\/product\/7234"}],"collection":[{"href":"https:\/\/aldomanzoni.com\/pt\/wp-json\/wp\/v2\/product"}],"about":[{"href":"https:\/\/aldomanzoni.com\/pt\/wp-json\/wp\/v2\/types\/product"}],"replies":[{"embeddable":true,"href":"https:\/\/aldomanzoni.com\/pt\/wp-json\/wp\/v2\/comments?post=7234"}],"wp:featuredmedia":[{"embeddable":true,"href":"https:\/\/aldomanzoni.com\/pt\/wp-json\/wp\/v2\/media\/9325"}],"wp:attachment":[{"href":"https:\/\/aldomanzoni.com\/pt\/wp-json\/wp\/v2\/media?parent=7234"}],"wp:term":[{"taxonomy":"product_cat","embeddable":true,"href":"https:\/\/aldomanzoni.com\/pt\/wp-json\/wp\/v2\/product_cat?post=7234"},{"taxonomy":"product_tag","embeddable":true,"href":"https:\/\/aldomanzoni.com\/pt\/wp-json\/wp\/v2\/product_tag?post=7234"}],"curies":[{"name":"wp","href":"https:\/\/api.w.org\/{rel}","templated":true}]}}