{"id":7257,"date":"2021-11-23T18:07:00","date_gmt":"2021-11-23T18:07:00","guid":{"rendered":"https:\/\/aldo.viriatoeviriato.com\/?post_type=product&#038;p=7257"},"modified":"2022-02-18T15:53:47","modified_gmt":"2022-02-18T15:53:47","slug":"7257","status":"publish","type":"product","link":"https:\/\/aldomanzoni.com\/pt\/produtos\/7257\/","title":{"rendered":"Aparador Julian"},"content":{"rendered":"<p>ref. <strong>JU1100<\/strong><\/p>\n","protected":false},"excerpt":{"rendered":"<h5>ref. <strong>JU1100<\/strong><\/h5>\n<ul>\n<li>Toda a estrutura em folha de carvalho n\u00ba 441 .<\/li>\n<li>Portas e gavetas em folha de \u00e9bano n\u00ba 400.<\/li>\n<li>Detalhes e puxadores em lat\u00e3o escovado .<\/li>\n<\/ul>\n<p><strong>Dimens\u00f5es<\/strong><\/p>\n<p>Largura: 2120 mm<br \/>\nProfundidade: 530 mm<br \/>\nAltura: 860 mm<\/p>\n<p>&nbsp;<\/p>\n<p>As imagens apresentadas s\u00e3o apenas representativas e \u00e9 poss\u00edvel personalizar os acabamentos e tamanhos.<\/p>\n","protected":false},"featured_media":9518,"comment_status":"open","ping_status":"closed","template":"","meta":{"om_disable_all_campaigns":false,"_monsterinsights_skip_tracking":false,"_monsterinsights_sitenote_active":false,"_monsterinsights_sitenote_note":"","_monsterinsights_sitenote_category":0},"product_cat":[35,59,49,41],"product_tag":[88],"_links":{"self":[{"href":"https:\/\/aldomanzoni.com\/pt\/wp-json\/wp\/v2\/product\/7257"}],"collection":[{"href":"https:\/\/aldomanzoni.com\/pt\/wp-json\/wp\/v2\/product"}],"about":[{"href":"https:\/\/aldomanzoni.com\/pt\/wp-json\/wp\/v2\/types\/product"}],"replies":[{"embeddable":true,"href":"https:\/\/aldomanzoni.com\/pt\/wp-json\/wp\/v2\/comments?post=7257"}],"wp:featuredmedia":[{"embeddable":true,"href":"https:\/\/aldomanzoni.com\/pt\/wp-json\/wp\/v2\/media\/9518"}],"wp:attachment":[{"href":"https:\/\/aldomanzoni.com\/pt\/wp-json\/wp\/v2\/media?parent=7257"}],"wp:term":[{"taxonomy":"product_cat","embeddable":true,"href":"https:\/\/aldomanzoni.com\/pt\/wp-json\/wp\/v2\/product_cat?post=7257"},{"taxonomy":"product_tag","embeddable":true,"href":"https:\/\/aldomanzoni.com\/pt\/wp-json\/wp\/v2\/product_tag?post=7257"}],"curies":[{"name":"wp","href":"https:\/\/api.w.org\/{rel}","templated":true}]}}