{"id":7285,"date":"2021-11-24T09:36:39","date_gmt":"2021-11-24T09:36:39","guid":{"rendered":"https:\/\/aldo.viriatoeviriato.com\/?post_type=product&#038;p=7285"},"modified":"2024-07-08T20:20:15","modified_gmt":"2024-07-08T20:20:15","slug":"movel-bar-imperador","status":"publish","type":"product","link":"https:\/\/aldomanzoni.com\/pt\/produtos\/movel-bar-imperador\/","title":{"rendered":"M\u00f3vel bar Imperador"},"content":{"rendered":"<p>M\u00f3vel bar 2 portas<\/p>\n<p>ref. <strong>IM1500<\/strong><\/p>\n","protected":false},"excerpt":{"rendered":"<h5>M\u00f3vel bar 2 portas<\/h5>\n<h5>ref. <strong>IM1500<\/strong><\/h5>\n<ul>\n<li>Tampo e p\u00e9s lacados a cor n\u00ba 010.<\/li>\n<li>Portas em folha de carvalho n\u00ba 440 com espelho e epoxy.<\/li>\n<li>Detalhes em lat\u00e3o escovado<\/li>\n<\/ul>\n<p><strong>Dimens\u00f5es<\/strong><\/p>\n<p>Largura: 1180 mm<br \/>\nProfundidade: 450 mm<br \/>\nAltura: 1720 mm<\/p>\n<p>&nbsp;<\/p>\n<p>As imagens apresentadas s\u00e3o apenas representativas e \u00e9 poss\u00edvel personalizar os acabamentos e tamanhos.<\/p>\n","protected":false},"featured_media":9312,"comment_status":"open","ping_status":"closed","template":"","meta":{"om_disable_all_campaigns":false,"_monsterinsights_skip_tracking":false,"_monsterinsights_sitenote_active":false,"_monsterinsights_sitenote_note":"","_monsterinsights_sitenote_category":0},"product_cat":[59,49,41],"product_tag":[119,90],"_links":{"self":[{"href":"https:\/\/aldomanzoni.com\/pt\/wp-json\/wp\/v2\/product\/7285"}],"collection":[{"href":"https:\/\/aldomanzoni.com\/pt\/wp-json\/wp\/v2\/product"}],"about":[{"href":"https:\/\/aldomanzoni.com\/pt\/wp-json\/wp\/v2\/types\/product"}],"replies":[{"embeddable":true,"href":"https:\/\/aldomanzoni.com\/pt\/wp-json\/wp\/v2\/comments?post=7285"}],"wp:featuredmedia":[{"embeddable":true,"href":"https:\/\/aldomanzoni.com\/pt\/wp-json\/wp\/v2\/media\/9312"}],"wp:attachment":[{"href":"https:\/\/aldomanzoni.com\/pt\/wp-json\/wp\/v2\/media?parent=7285"}],"wp:term":[{"taxonomy":"product_cat","embeddable":true,"href":"https:\/\/aldomanzoni.com\/pt\/wp-json\/wp\/v2\/product_cat?post=7285"},{"taxonomy":"product_tag","embeddable":true,"href":"https:\/\/aldomanzoni.com\/pt\/wp-json\/wp\/v2\/product_tag?post=7285"}],"curies":[{"name":"wp","href":"https:\/\/api.w.org\/{rel}","templated":true}]}}