{"id":7344,"date":"2021-11-24T11:56:39","date_gmt":"2021-11-24T11:56:39","guid":{"rendered":"https:\/\/aldo.viriatoeviriato.com\/?post_type=product&#038;p=7344"},"modified":"2022-02-18T17:27:54","modified_gmt":"2022-02-18T17:27:54","slug":"cadeirao-royal-i-2","status":"publish","type":"product","link":"https:\/\/aldomanzoni.com\/pt\/produtos\/cadeirao-royal-i-2\/","title":{"rendered":"Cadeir\u00e3o Royal I"},"content":{"rendered":"<p>Cadeir\u00e3o<\/p>\n<p>ref. <strong>RL2220<\/strong><\/p>\n","protected":false},"excerpt":{"rendered":"<h5>Cadeir\u00e3o<\/h5>\n<h5>ref. <strong>RL2220<\/strong><\/h5>\n<ul>\n<li>Assento e encosto em estofo<\/li>\n<li>Costas em folha de \u00e9bano n\u00ba 400<\/li>\n<li>Base em lat\u00e3o polido<\/li>\n<\/ul>\n<p><strong>Dimens\u00f5es<\/strong><\/p>\n<p>Largura: 680 mm<br \/>\nProfundidade: 780 mm<br \/>\nAltura: 850 mm<\/p>\n<p>&nbsp;<\/p>\n<p>As imagens apresentadas s\u00e3o apenas representativas e \u00e9 poss\u00edvel personalizar os acabamentos.<\/p>\n","protected":false},"featured_media":9394,"comment_status":"open","ping_status":"closed","template":"","meta":{"om_disable_all_campaigns":false,"_monsterinsights_skip_tracking":false,"_monsterinsights_sitenote_active":false,"_monsterinsights_sitenote_note":"","_monsterinsights_sitenote_category":0},"product_cat":[35,59,41,57],"product_tag":[169,91],"_links":{"self":[{"href":"https:\/\/aldomanzoni.com\/pt\/wp-json\/wp\/v2\/product\/7344"}],"collection":[{"href":"https:\/\/aldomanzoni.com\/pt\/wp-json\/wp\/v2\/product"}],"about":[{"href":"https:\/\/aldomanzoni.com\/pt\/wp-json\/wp\/v2\/types\/product"}],"replies":[{"embeddable":true,"href":"https:\/\/aldomanzoni.com\/pt\/wp-json\/wp\/v2\/comments?post=7344"}],"wp:featuredmedia":[{"embeddable":true,"href":"https:\/\/aldomanzoni.com\/pt\/wp-json\/wp\/v2\/media\/9394"}],"wp:attachment":[{"href":"https:\/\/aldomanzoni.com\/pt\/wp-json\/wp\/v2\/media?parent=7344"}],"wp:term":[{"taxonomy":"product_cat","embeddable":true,"href":"https:\/\/aldomanzoni.com\/pt\/wp-json\/wp\/v2\/product_cat?post=7344"},{"taxonomy":"product_tag","embeddable":true,"href":"https:\/\/aldomanzoni.com\/pt\/wp-json\/wp\/v2\/product_tag?post=7344"}],"curies":[{"name":"wp","href":"https:\/\/api.w.org\/{rel}","templated":true}]}}