{"id":7345,"date":"2021-11-24T11:59:00","date_gmt":"2021-11-24T11:59:00","guid":{"rendered":"https:\/\/aldo.viriatoeviriato.com\/?post_type=product&#038;p=7345"},"modified":"2022-02-17T15:06:17","modified_gmt":"2022-02-17T15:06:17","slug":"cadeira-sydney","status":"publish","type":"product","link":"https:\/\/aldomanzoni.com\/pt\/produtos\/cadeira-sydney\/","title":{"rendered":"Cadeira Sydney"},"content":{"rendered":"<p>Cadeira<\/p>\n<p>ref. <strong>SY2220<\/strong><\/p>\n","protected":false},"excerpt":{"rendered":"<h5>Cadeira<\/h5>\n<h5>ref. <strong>SY2220<\/strong><\/h5>\n<ul>\n<li>Assento e encosto em estofo<\/li>\n<li>Costas em folha de \u00e9bano n\u00ba 400<\/li>\n<li>P\u00e9s em faia lacada a cor n\u00ba 010<\/li>\n<\/ul>\n<p><strong>Dimens\u00f5es<\/strong><\/p>\n<p>Largura: 580 mm<br \/>\nProfundidade: 580 mm<br \/>\nAltura: 900 mm<\/p>\n<p>&nbsp;<\/p>\n<p>As imagens apresentadas s\u00e3o apenas representativas e \u00e9 poss\u00edvel personalizar os acabamentos.<\/p>\n","protected":false},"featured_media":9421,"comment_status":"open","ping_status":"closed","template":"","meta":{"om_disable_all_campaigns":false,"_monsterinsights_skip_tracking":false,"_monsterinsights_sitenote_active":false,"_monsterinsights_sitenote_note":"","_monsterinsights_sitenote_category":0},"product_cat":[59,41,57],"product_tag":[82],"_links":{"self":[{"href":"https:\/\/aldomanzoni.com\/pt\/wp-json\/wp\/v2\/product\/7345"}],"collection":[{"href":"https:\/\/aldomanzoni.com\/pt\/wp-json\/wp\/v2\/product"}],"about":[{"href":"https:\/\/aldomanzoni.com\/pt\/wp-json\/wp\/v2\/types\/product"}],"replies":[{"embeddable":true,"href":"https:\/\/aldomanzoni.com\/pt\/wp-json\/wp\/v2\/comments?post=7345"}],"wp:featuredmedia":[{"embeddable":true,"href":"https:\/\/aldomanzoni.com\/pt\/wp-json\/wp\/v2\/media\/9421"}],"wp:attachment":[{"href":"https:\/\/aldomanzoni.com\/pt\/wp-json\/wp\/v2\/media?parent=7345"}],"wp:term":[{"taxonomy":"product_cat","embeddable":true,"href":"https:\/\/aldomanzoni.com\/pt\/wp-json\/wp\/v2\/product_cat?post=7345"},{"taxonomy":"product_tag","embeddable":true,"href":"https:\/\/aldomanzoni.com\/pt\/wp-json\/wp\/v2\/product_tag?post=7345"}],"curies":[{"name":"wp","href":"https:\/\/api.w.org\/{rel}","templated":true}]}}