{"id":7390,"date":"2021-11-24T16:31:20","date_gmt":"2021-11-24T16:31:20","guid":{"rendered":"https:\/\/aldo.viriatoeviriato.com\/?post_type=product&#038;p=7390"},"modified":"2022-02-22T17:13:57","modified_gmt":"2022-02-22T17:13:57","slug":"espelho-astro","status":"publish","type":"product","link":"https:\/\/aldomanzoni.com\/pt\/produtos\/espelho-astro\/","title":{"rendered":"Espelho Astro"},"content":{"rendered":"<p>Espelho<\/p>\n<p>ref. <strong>AT4100<\/strong><\/p>\n","protected":false},"excerpt":{"rendered":"<h5>Espelho<\/h5>\n<h5>ref. <strong>AT4100<\/strong><\/h5>\n<ul>\n<li>Estrutura lacada a cor n\u00ba 010<\/li>\n<li>Parte central em lat\u00e3o polido<\/li>\n<\/ul>\n<p><strong>Dimens\u00f5es<\/strong><\/p>\n<p>Largura: 1220 mm<br \/>\nProfundidade: 30 mm<br \/>\nAltura: 1220 mm<\/p>\n<p>&nbsp;<\/p>\n<p>As imagens apresentadas s\u00e3o apenas representativas e \u00e9 poss\u00edvel personalizar os acabamentos e tamanhos.<\/p>\n","protected":false},"featured_media":9674,"comment_status":"open","ping_status":"closed","template":"","meta":{"om_disable_all_campaigns":false,"_monsterinsights_skip_tracking":false,"_monsterinsights_sitenote_active":false,"_monsterinsights_sitenote_note":"","_monsterinsights_sitenote_category":0},"product_cat":[35,59,49,41,57],"product_tag":[114,93,104],"_links":{"self":[{"href":"https:\/\/aldomanzoni.com\/pt\/wp-json\/wp\/v2\/product\/7390"}],"collection":[{"href":"https:\/\/aldomanzoni.com\/pt\/wp-json\/wp\/v2\/product"}],"about":[{"href":"https:\/\/aldomanzoni.com\/pt\/wp-json\/wp\/v2\/types\/product"}],"replies":[{"embeddable":true,"href":"https:\/\/aldomanzoni.com\/pt\/wp-json\/wp\/v2\/comments?post=7390"}],"wp:featuredmedia":[{"embeddable":true,"href":"https:\/\/aldomanzoni.com\/pt\/wp-json\/wp\/v2\/media\/9674"}],"wp:attachment":[{"href":"https:\/\/aldomanzoni.com\/pt\/wp-json\/wp\/v2\/media?parent=7390"}],"wp:term":[{"taxonomy":"product_cat","embeddable":true,"href":"https:\/\/aldomanzoni.com\/pt\/wp-json\/wp\/v2\/product_cat?post=7390"},{"taxonomy":"product_tag","embeddable":true,"href":"https:\/\/aldomanzoni.com\/pt\/wp-json\/wp\/v2\/product_tag?post=7390"}],"curies":[{"name":"wp","href":"https:\/\/api.w.org\/{rel}","templated":true}]}}