{"id":7404,"date":"2021-11-24T17:33:54","date_gmt":"2021-11-24T17:33:54","guid":{"rendered":"https:\/\/aldo.viriatoeviriato.com\/?post_type=product&#038;p=7404"},"modified":"2022-02-22T15:48:22","modified_gmt":"2022-02-22T15:48:22","slug":"sofa-james","status":"publish","type":"product","link":"https:\/\/aldomanzoni.com\/pt\/produtos\/sofa-james\/","title":{"rendered":"Sof\u00e1 James"},"content":{"rendered":"<p>Sof\u00e1<\/p>\n<p>ref. <strong>JM5200<\/strong><\/p>\n","protected":false},"excerpt":{"rendered":"<h5>sof\u00e1<\/h5>\n<h5>ref. <strong>JM5200<\/strong><\/h5>\n<ul>\n<li>assento e costas em estofo<\/li>\n<li>P\u00e9s em lat\u00e3o escovado<\/li>\n<\/ul>\n<p><strong>Dimens\u00f5es<\/strong><\/p>\n<p>Largura: 2750 mm<br \/>\nProfundidade: 1050 mm<br \/>\nAltura: 758 mm<\/p>\n<p>&nbsp;<\/p>\n<p>As imagens apresentadas s\u00e3o apenas representativas e \u00e9 poss\u00edvel personalizar os acabamentos e tamanhos.<\/p>\n","protected":false},"featured_media":9630,"comment_status":"open","ping_status":"closed","template":"","meta":{"om_disable_all_campaigns":false,"_monsterinsights_skip_tracking":false,"_monsterinsights_sitenote_active":false,"_monsterinsights_sitenote_note":"","_monsterinsights_sitenote_category":0},"product_cat":[59,41,57],"product_tag":[117,103],"_links":{"self":[{"href":"https:\/\/aldomanzoni.com\/pt\/wp-json\/wp\/v2\/product\/7404"}],"collection":[{"href":"https:\/\/aldomanzoni.com\/pt\/wp-json\/wp\/v2\/product"}],"about":[{"href":"https:\/\/aldomanzoni.com\/pt\/wp-json\/wp\/v2\/types\/product"}],"replies":[{"embeddable":true,"href":"https:\/\/aldomanzoni.com\/pt\/wp-json\/wp\/v2\/comments?post=7404"}],"wp:featuredmedia":[{"embeddable":true,"href":"https:\/\/aldomanzoni.com\/pt\/wp-json\/wp\/v2\/media\/9630"}],"wp:attachment":[{"href":"https:\/\/aldomanzoni.com\/pt\/wp-json\/wp\/v2\/media?parent=7404"}],"wp:term":[{"taxonomy":"product_cat","embeddable":true,"href":"https:\/\/aldomanzoni.com\/pt\/wp-json\/wp\/v2\/product_cat?post=7404"},{"taxonomy":"product_tag","embeddable":true,"href":"https:\/\/aldomanzoni.com\/pt\/wp-json\/wp\/v2\/product_tag?post=7404"}],"curies":[{"name":"wp","href":"https:\/\/api.w.org\/{rel}","templated":true}]}}