{"id":7421,"date":"2021-11-24T17:56:24","date_gmt":"2021-11-24T17:56:24","guid":{"rendered":"https:\/\/aldo.viriatoeviriato.com\/?post_type=product&#038;p=7421"},"modified":"2022-05-30T13:21:30","modified_gmt":"2022-05-30T13:21:30","slug":"espelho-james","status":"publish","type":"product","link":"https:\/\/aldomanzoni.com\/pt\/produtos\/espelho-james\/","title":{"rendered":"Espelho James"},"content":{"rendered":"<p>Espelho<\/p>\n<p>ref. <strong>JM4000<\/strong><\/p>\n","protected":false},"excerpt":{"rendered":"<h5>Espelho<\/h5>\n<h5>ref. <strong>JM4000<\/strong><\/h5>\n<ul>\n<li>Estrutura em folha em carvalho n\u00ba 441 e lacada a cor n\u00ba 050<\/li>\n<li>Detalhes em lat\u00e3o escovado<\/li>\n<\/ul>\n<p><strong>Dimens\u00f5es<\/strong><\/p>\n<p>Largura: 800 mm<br \/>\nProfundidade: 60 mm<br \/>\nAltura: 1200 mm<\/p>\n<p>&nbsp;<\/p>\n<p>As imagens apresentadas s\u00e3o apenas representativas e \u00e9 poss\u00edvel personalizar os acabamentos e tamanhos.<\/p>\n","protected":false},"featured_media":9678,"comment_status":"open","ping_status":"closed","template":"","meta":{"om_disable_all_campaigns":false,"_monsterinsights_skip_tracking":false,"_monsterinsights_sitenote_active":false,"_monsterinsights_sitenote_note":"","_monsterinsights_sitenote_category":0},"product_cat":[35,59,49,41,57],"product_tag":[184,93,104],"_links":{"self":[{"href":"https:\/\/aldomanzoni.com\/pt\/wp-json\/wp\/v2\/product\/7421"}],"collection":[{"href":"https:\/\/aldomanzoni.com\/pt\/wp-json\/wp\/v2\/product"}],"about":[{"href":"https:\/\/aldomanzoni.com\/pt\/wp-json\/wp\/v2\/types\/product"}],"replies":[{"embeddable":true,"href":"https:\/\/aldomanzoni.com\/pt\/wp-json\/wp\/v2\/comments?post=7421"}],"wp:featuredmedia":[{"embeddable":true,"href":"https:\/\/aldomanzoni.com\/pt\/wp-json\/wp\/v2\/media\/9678"}],"wp:attachment":[{"href":"https:\/\/aldomanzoni.com\/pt\/wp-json\/wp\/v2\/media?parent=7421"}],"wp:term":[{"taxonomy":"product_cat","embeddable":true,"href":"https:\/\/aldomanzoni.com\/pt\/wp-json\/wp\/v2\/product_cat?post=7421"},{"taxonomy":"product_tag","embeddable":true,"href":"https:\/\/aldomanzoni.com\/pt\/wp-json\/wp\/v2\/product_tag?post=7421"}],"curies":[{"name":"wp","href":"https:\/\/api.w.org\/{rel}","templated":true}]}}