{"id":7428,"date":"2021-11-24T18:10:34","date_gmt":"2021-11-24T18:10:34","guid":{"rendered":"https:\/\/aldo.viriatoeviriato.com\/?post_type=product&#038;p=7428"},"modified":"2022-02-22T15:05:38","modified_gmt":"2022-02-22T15:05:38","slug":"mesa-de-apoio-kioto","status":"publish","type":"product","link":"https:\/\/aldomanzoni.com\/pt\/produtos\/mesa-de-apoio-kioto\/","title":{"rendered":"Mesa de Apoio Kioto"},"content":{"rendered":"<p>Mesa de apoio<\/p>\n<p>ref. <strong>KI1200<\/strong><\/p>\n","protected":false},"excerpt":{"rendered":"<h5>Mesa de apoio<\/h5>\n<h5>ref. <strong>KI1200<\/strong><\/h5>\n<ul>\n<li>Estrutura toda lacada a cor n\u00ba 071<\/li>\n<\/ul>\n<p><strong>Dimens\u00f5es<\/strong><\/p>\n<p>Largura: 650 mm<br \/>\nProfundidade: 650 mm<br \/>\nAltura: 640 mm<\/p>\n<p>&nbsp;<\/p>\n<p>As imagens apresentadas s\u00e3o apenas representativas e \u00e9 poss\u00edvel personalizar os acabamentos e tamanhos.<\/p>\n","protected":false},"featured_media":9601,"comment_status":"open","ping_status":"closed","template":"","meta":{"om_disable_all_campaigns":false,"_monsterinsights_skip_tracking":false,"_monsterinsights_sitenote_active":false,"_monsterinsights_sitenote_note":"","_monsterinsights_sitenote_category":0},"product_cat":[59,41,57],"product_tag":[102],"_links":{"self":[{"href":"https:\/\/aldomanzoni.com\/pt\/wp-json\/wp\/v2\/product\/7428"}],"collection":[{"href":"https:\/\/aldomanzoni.com\/pt\/wp-json\/wp\/v2\/product"}],"about":[{"href":"https:\/\/aldomanzoni.com\/pt\/wp-json\/wp\/v2\/types\/product"}],"replies":[{"embeddable":true,"href":"https:\/\/aldomanzoni.com\/pt\/wp-json\/wp\/v2\/comments?post=7428"}],"wp:featuredmedia":[{"embeddable":true,"href":"https:\/\/aldomanzoni.com\/pt\/wp-json\/wp\/v2\/media\/9601"}],"wp:attachment":[{"href":"https:\/\/aldomanzoni.com\/pt\/wp-json\/wp\/v2\/media?parent=7428"}],"wp:term":[{"taxonomy":"product_cat","embeddable":true,"href":"https:\/\/aldomanzoni.com\/pt\/wp-json\/wp\/v2\/product_cat?post=7428"},{"taxonomy":"product_tag","embeddable":true,"href":"https:\/\/aldomanzoni.com\/pt\/wp-json\/wp\/v2\/product_tag?post=7428"}],"curies":[{"name":"wp","href":"https:\/\/api.w.org\/{rel}","templated":true}]}}