{"id":7496,"date":"2021-11-25T11:05:58","date_gmt":"2021-11-25T11:05:58","guid":{"rendered":"https:\/\/aldo.viriatoeviriato.com\/?post_type=product&#038;p=7496"},"modified":"2022-02-22T17:46:42","modified_gmt":"2022-02-22T17:46:42","slug":"vitrina-tokio","status":"publish","type":"product","link":"https:\/\/aldomanzoni.com\/pt\/produtos\/vitrina-tokio\/","title":{"rendered":"Vitrina Tokio"},"content":{"rendered":"<p>Vitrina 2 portas 2 gavetas<\/p>\n<p>ref. <strong>TK1110<\/strong><\/p>\n","protected":false},"excerpt":{"rendered":"<h5>Vitrina 2 portas 2 gavetas<\/h5>\n<h5>ref. <strong>tk1110<\/strong><\/h5>\n<ul>\n<li>Estrutura em folha de \u00e9bano n\u00ba 400.<\/li>\n<li>Portas e gavetas em m\u00e1rmore Estremoz com detalhes em lat\u00e3o polido<\/li>\n<li>prateleiras em vidro<\/li>\n<\/ul>\n<p><strong>Dimens\u00f5es<\/strong><\/p>\n<p>Largura: 1400 mm<br \/>\nProfundidade: 400 mm<br \/>\nAltura: 1810 mm<\/p>\n<p>&nbsp;<\/p>\n<p>As imagens apresentadas s\u00e3o apenas representativas e \u00e9 poss\u00edvel personalizar os acabamentos e tamanhos.<\/p>\n","protected":false},"featured_media":9320,"comment_status":"open","ping_status":"closed","template":"","meta":{"om_disable_all_campaigns":false,"_monsterinsights_skip_tracking":false,"_monsterinsights_sitenote_active":false,"_monsterinsights_sitenote_note":"","_monsterinsights_sitenote_category":0},"product_cat":[59,49,41],"product_tag":[173,99],"_links":{"self":[{"href":"https:\/\/aldomanzoni.com\/pt\/wp-json\/wp\/v2\/product\/7496"}],"collection":[{"href":"https:\/\/aldomanzoni.com\/pt\/wp-json\/wp\/v2\/product"}],"about":[{"href":"https:\/\/aldomanzoni.com\/pt\/wp-json\/wp\/v2\/types\/product"}],"replies":[{"embeddable":true,"href":"https:\/\/aldomanzoni.com\/pt\/wp-json\/wp\/v2\/comments?post=7496"}],"wp:featuredmedia":[{"embeddable":true,"href":"https:\/\/aldomanzoni.com\/pt\/wp-json\/wp\/v2\/media\/9320"}],"wp:attachment":[{"href":"https:\/\/aldomanzoni.com\/pt\/wp-json\/wp\/v2\/media?parent=7496"}],"wp:term":[{"taxonomy":"product_cat","embeddable":true,"href":"https:\/\/aldomanzoni.com\/pt\/wp-json\/wp\/v2\/product_cat?post=7496"},{"taxonomy":"product_tag","embeddable":true,"href":"https:\/\/aldomanzoni.com\/pt\/wp-json\/wp\/v2\/product_tag?post=7496"}],"curies":[{"name":"wp","href":"https:\/\/api.w.org\/{rel}","templated":true}]}}