{"id":7499,"date":"2021-11-25T11:08:47","date_gmt":"2021-11-25T11:08:47","guid":{"rendered":"https:\/\/aldo.viriatoeviriato.com\/?post_type=product&#038;p=7499"},"modified":"2022-02-22T17:36:23","modified_gmt":"2022-02-22T17:36:23","slug":"secretaria-tokio","status":"publish","type":"product","link":"https:\/\/aldomanzoni.com\/pt\/produtos\/secretaria-tokio\/","title":{"rendered":"Secret\u00e1ria Tokio"},"content":{"rendered":"<p>Secret\u00e1ria 4 gavetas<\/p>\n<p>ref. <strong>TK2500<\/strong><\/p>\n","protected":false},"excerpt":{"rendered":"<h5>Secret\u00e1ria 4 gavetas<\/h5>\n<h5>ref. <strong>tk2500<\/strong><\/h5>\n<ul>\n<li>tampo em folha de \u00e9bano n\u00ba 400 com parte central em couro.<\/li>\n<li>Estrutura em folha de \u00e9bano n\u00ba 400<\/li>\n<li>gaveta e laterais lacados a cor n\u00ba 041<\/li>\n<li>detalhes em lat\u00e3o polido<\/li>\n<\/ul>\n<p><strong>Dimens\u00f5es<\/strong><\/p>\n<p>Largura: 2200 mm<br \/>\nProfundidade: 770 mm<br \/>\nAltura: 770 mm<\/p>\n<p>&nbsp;<\/p>\n<p>As imagens apresentadas s\u00e3o apenas representativas e \u00e9 poss\u00edvel personalizar os acabamentos e tamanhos.<\/p>\n","protected":false},"featured_media":9690,"comment_status":"open","ping_status":"closed","template":"","meta":{"om_disable_all_campaigns":false,"_monsterinsights_skip_tracking":false,"_monsterinsights_sitenote_active":false,"_monsterinsights_sitenote_note":"","_monsterinsights_sitenote_category":0},"product_cat":[59],"product_tag":[85],"_links":{"self":[{"href":"https:\/\/aldomanzoni.com\/pt\/wp-json\/wp\/v2\/product\/7499"}],"collection":[{"href":"https:\/\/aldomanzoni.com\/pt\/wp-json\/wp\/v2\/product"}],"about":[{"href":"https:\/\/aldomanzoni.com\/pt\/wp-json\/wp\/v2\/types\/product"}],"replies":[{"embeddable":true,"href":"https:\/\/aldomanzoni.com\/pt\/wp-json\/wp\/v2\/comments?post=7499"}],"wp:featuredmedia":[{"embeddable":true,"href":"https:\/\/aldomanzoni.com\/pt\/wp-json\/wp\/v2\/media\/9690"}],"wp:attachment":[{"href":"https:\/\/aldomanzoni.com\/pt\/wp-json\/wp\/v2\/media?parent=7499"}],"wp:term":[{"taxonomy":"product_cat","embeddable":true,"href":"https:\/\/aldomanzoni.com\/pt\/wp-json\/wp\/v2\/product_cat?post=7499"},{"taxonomy":"product_tag","embeddable":true,"href":"https:\/\/aldomanzoni.com\/pt\/wp-json\/wp\/v2\/product_tag?post=7499"}],"curies":[{"name":"wp","href":"https:\/\/api.w.org\/{rel}","templated":true}]}}