{"id":7511,"date":"2021-11-25T11:25:39","date_gmt":"2021-11-25T11:25:39","guid":{"rendered":"https:\/\/aldo.viriatoeviriato.com\/?post_type=product&#038;p=7511"},"modified":"2022-02-17T11:46:10","modified_gmt":"2022-02-17T11:46:10","slug":"secretaria-union","status":"publish","type":"product","link":"https:\/\/aldomanzoni.com\/pt\/produtos\/secretaria-union\/","title":{"rendered":"Secret\u00e1ria Union"},"content":{"rendered":"<p>Secret\u00e1ria 5 gavetas<\/p>\n<p>ref. <strong>UN2500<\/strong><\/p>\n","protected":false},"excerpt":{"rendered":"<h5>Secret\u00e1ria 5 gavetas<\/h5>\n<h5>ref. <strong>UN2500<\/strong><\/h5>\n<ul>\n<li>Parte superior lacada a cor n\u00ba 010<\/li>\n<li>Tampo em couro preto<\/li>\n<li>Estrutura em carvalho cor n\u00ba 440<\/li>\n<li>Detalhes em lat\u00e3o escovado<\/li>\n<\/ul>\n<p><strong>Dimens\u00f5es<\/strong><\/p>\n<p>Largura: 1100 mm<br \/>\nProfundidade: 600 mm<br \/>\nAltura: 820 mm<\/p>\n<p>&nbsp;<\/p>\n<p>As imagens apresentadas s\u00e3o apenas representativas e \u00e9 poss\u00edvel personalizar os acabamentos e tamanhos.<\/p>\n","protected":false},"featured_media":9400,"comment_status":"open","ping_status":"closed","template":"","meta":{"om_disable_all_campaigns":false,"_monsterinsights_skip_tracking":false,"_monsterinsights_sitenote_active":false,"_monsterinsights_sitenote_note":"","_monsterinsights_sitenote_category":0},"product_cat":[59,41,57],"product_tag":[85],"_links":{"self":[{"href":"https:\/\/aldomanzoni.com\/pt\/wp-json\/wp\/v2\/product\/7511"}],"collection":[{"href":"https:\/\/aldomanzoni.com\/pt\/wp-json\/wp\/v2\/product"}],"about":[{"href":"https:\/\/aldomanzoni.com\/pt\/wp-json\/wp\/v2\/types\/product"}],"replies":[{"embeddable":true,"href":"https:\/\/aldomanzoni.com\/pt\/wp-json\/wp\/v2\/comments?post=7511"}],"wp:featuredmedia":[{"embeddable":true,"href":"https:\/\/aldomanzoni.com\/pt\/wp-json\/wp\/v2\/media\/9400"}],"wp:attachment":[{"href":"https:\/\/aldomanzoni.com\/pt\/wp-json\/wp\/v2\/media?parent=7511"}],"wp:term":[{"taxonomy":"product_cat","embeddable":true,"href":"https:\/\/aldomanzoni.com\/pt\/wp-json\/wp\/v2\/product_cat?post=7511"},{"taxonomy":"product_tag","embeddable":true,"href":"https:\/\/aldomanzoni.com\/pt\/wp-json\/wp\/v2\/product_tag?post=7511"}],"curies":[{"name":"wp","href":"https:\/\/api.w.org\/{rel}","templated":true}]}}