{"id":7524,"date":"2021-11-25T11:40:20","date_gmt":"2021-11-25T11:40:20","guid":{"rendered":"https:\/\/aldo.viriatoeviriato.com\/?post_type=product&#038;p=7524"},"modified":"2022-02-17T10:53:03","modified_gmt":"2022-02-17T10:53:03","slug":"vitrina-we","status":"publish","type":"product","link":"https:\/\/aldomanzoni.com\/pt\/produtos\/vitrina-we\/","title":{"rendered":"vitrina WE"},"content":{"rendered":"<p>Vitrina 2 portas<\/p>\n<p>ref. <strong>WE1110<\/strong><\/p>\n","protected":false},"excerpt":{"rendered":"<h5>Vitrina 2 portas<\/h5>\n<h5>ref. <strong>WE1110<\/strong><\/h5>\n<ul>\n<li>Tampo e portas em carvalho n\u00ba 440<\/li>\n<li>Laterais lacadas a cor n\u00ba 071<\/li>\n<li>Detalhes em inox polido<\/li>\n<\/ul>\n<p><strong>Dimens\u00f5es<\/strong><\/p>\n<p>Largura: 1220 mm<br \/>\nProfundidade: 480 mm<br \/>\nAltura: 1860 mm<\/p>\n<p>&nbsp;<\/p>\n<p>As imagens apresentadas s\u00e3o apenas representativas e \u00e9 poss\u00edvel personalizar os acabamentos e tamanhos.<\/p>\n","protected":false},"featured_media":9316,"comment_status":"open","ping_status":"closed","template":"","meta":{"om_disable_all_campaigns":false,"_monsterinsights_skip_tracking":false,"_monsterinsights_sitenote_active":false,"_monsterinsights_sitenote_note":"","_monsterinsights_sitenote_category":0},"product_cat":[59,41],"product_tag":[99],"_links":{"self":[{"href":"https:\/\/aldomanzoni.com\/pt\/wp-json\/wp\/v2\/product\/7524"}],"collection":[{"href":"https:\/\/aldomanzoni.com\/pt\/wp-json\/wp\/v2\/product"}],"about":[{"href":"https:\/\/aldomanzoni.com\/pt\/wp-json\/wp\/v2\/types\/product"}],"replies":[{"embeddable":true,"href":"https:\/\/aldomanzoni.com\/pt\/wp-json\/wp\/v2\/comments?post=7524"}],"wp:featuredmedia":[{"embeddable":true,"href":"https:\/\/aldomanzoni.com\/pt\/wp-json\/wp\/v2\/media\/9316"}],"wp:attachment":[{"href":"https:\/\/aldomanzoni.com\/pt\/wp-json\/wp\/v2\/media?parent=7524"}],"wp:term":[{"taxonomy":"product_cat","embeddable":true,"href":"https:\/\/aldomanzoni.com\/pt\/wp-json\/wp\/v2\/product_cat?post=7524"},{"taxonomy":"product_tag","embeddable":true,"href":"https:\/\/aldomanzoni.com\/pt\/wp-json\/wp\/v2\/product_tag?post=7524"}],"curies":[{"name":"wp","href":"https:\/\/api.w.org\/{rel}","templated":true}]}}