{"id":7744,"date":"2021-12-07T17:20:50","date_gmt":"2021-12-07T17:20:50","guid":{"rendered":"https:\/\/aldo.viriatoeviriato.com\/?post_type=product&#038;p=7744"},"modified":"2022-02-17T17:07:42","modified_gmt":"2022-02-17T17:07:42","slug":"aparador-prisma-i","status":"publish","type":"product","link":"https:\/\/aldomanzoni.com\/pt\/produtos\/aparador-prisma-i\/","title":{"rendered":"Aparador Prisma I"},"content":{"rendered":"<p>Aparador 2 gavetas 4 portas<\/p>\n<p>ref. <strong>PM1100_1<\/strong><\/p>\n","protected":false},"excerpt":{"rendered":"<h5>Aparador 2 gavetas 4 portas<\/h5>\n<h5>ref. <strong>PM1100_1<\/strong><\/h5>\n<ul>\n<li>Toda a estrutura em folha de carvalho n\u00ba 442.<\/li>\n<li>Tampo em m\u00e1rmore imperador<\/li>\n<li>Portas e gavetas em cer\u00e2mico arabescato<\/li>\n<li>Detalhes em lat\u00e3o polido .<\/li>\n<\/ul>\n<p><strong>Dimens\u00f5es<\/strong><\/p>\n<p>Largura: 2280 mm<br \/>\nProfundidade: 530 mm<br \/>\nAltura: 860 mm<\/p>\n<p>&nbsp;<\/p>\n<p>As imagens apresentadas s\u00e3o apenas representativas e \u00e9 poss\u00edvel personalizar os acabamentos e tamanhos.<\/p>\n","protected":false},"featured_media":9467,"comment_status":"open","ping_status":"closed","template":"","meta":{"om_disable_all_campaigns":false,"_monsterinsights_skip_tracking":false,"_monsterinsights_sitenote_active":false,"_monsterinsights_sitenote_note":"","_monsterinsights_sitenote_category":0},"product_cat":[35,59,49,41],"product_tag":[88],"_links":{"self":[{"href":"https:\/\/aldomanzoni.com\/pt\/wp-json\/wp\/v2\/product\/7744"}],"collection":[{"href":"https:\/\/aldomanzoni.com\/pt\/wp-json\/wp\/v2\/product"}],"about":[{"href":"https:\/\/aldomanzoni.com\/pt\/wp-json\/wp\/v2\/types\/product"}],"replies":[{"embeddable":true,"href":"https:\/\/aldomanzoni.com\/pt\/wp-json\/wp\/v2\/comments?post=7744"}],"wp:featuredmedia":[{"embeddable":true,"href":"https:\/\/aldomanzoni.com\/pt\/wp-json\/wp\/v2\/media\/9467"}],"wp:attachment":[{"href":"https:\/\/aldomanzoni.com\/pt\/wp-json\/wp\/v2\/media?parent=7744"}],"wp:term":[{"taxonomy":"product_cat","embeddable":true,"href":"https:\/\/aldomanzoni.com\/pt\/wp-json\/wp\/v2\/product_cat?post=7744"},{"taxonomy":"product_tag","embeddable":true,"href":"https:\/\/aldomanzoni.com\/pt\/wp-json\/wp\/v2\/product_tag?post=7744"}],"curies":[{"name":"wp","href":"https:\/\/api.w.org\/{rel}","templated":true}]}}