{"id":7933,"date":"2021-12-14T10:01:31","date_gmt":"2021-12-14T10:01:31","guid":{"rendered":"https:\/\/aldo.viriatoeviriato.com\/?post_type=product&#038;p=7933"},"modified":"2022-02-16T14:44:35","modified_gmt":"2022-02-16T14:44:35","slug":"auri-i","status":"publish","type":"product","link":"https:\/\/aldomanzoni.com\/pt\/produtos\/auri-i\/","title":{"rendered":"Mesinha de Cabeceira Auri I"},"content":{"rendered":"<p>Mesinha de cabeceira 1 gaveta<\/p>\n<p>ref. <strong>AU1900_1<\/strong><\/p>\n","protected":false},"excerpt":{"rendered":"<h5>Mesinha de cabeceira 1 gaveta<\/h5>\n<h5>ref. <strong>AU1900_<\/strong><\/h5>\n<ul>\n<li>Toda a estrutura em folha de \u00e9bano n\u00ba 400.<\/li>\n<li>Fundo em espelho bronze<\/li>\n<\/ul>\n<p><strong>Dimens\u00f5es<\/strong><\/p>\n<p>Largura: 625 mm<br \/>\nProfundidade: 480 mm<br \/>\nAltura: 450 mm<\/p>\n<p>&nbsp;<\/p>\n<p>As imagens apresentadas s\u00e3o apenas representativas e \u00e9 poss\u00edvel personalizar os acabamentos e tamanhos.<\/p>\n","protected":false},"featured_media":9329,"comment_status":"open","ping_status":"closed","template":"","meta":{"om_disable_all_campaigns":false,"_monsterinsights_skip_tracking":false,"_monsterinsights_sitenote_active":false,"_monsterinsights_sitenote_note":"","_monsterinsights_sitenote_category":0},"product_cat":[57],"product_tag":[96],"_links":{"self":[{"href":"https:\/\/aldomanzoni.com\/pt\/wp-json\/wp\/v2\/product\/7933"}],"collection":[{"href":"https:\/\/aldomanzoni.com\/pt\/wp-json\/wp\/v2\/product"}],"about":[{"href":"https:\/\/aldomanzoni.com\/pt\/wp-json\/wp\/v2\/types\/product"}],"replies":[{"embeddable":true,"href":"https:\/\/aldomanzoni.com\/pt\/wp-json\/wp\/v2\/comments?post=7933"}],"wp:featuredmedia":[{"embeddable":true,"href":"https:\/\/aldomanzoni.com\/pt\/wp-json\/wp\/v2\/media\/9329"}],"wp:attachment":[{"href":"https:\/\/aldomanzoni.com\/pt\/wp-json\/wp\/v2\/media?parent=7933"}],"wp:term":[{"taxonomy":"product_cat","embeddable":true,"href":"https:\/\/aldomanzoni.com\/pt\/wp-json\/wp\/v2\/product_cat?post=7933"},{"taxonomy":"product_tag","embeddable":true,"href":"https:\/\/aldomanzoni.com\/pt\/wp-json\/wp\/v2\/product_tag?post=7933"}],"curies":[{"name":"wp","href":"https:\/\/api.w.org\/{rel}","templated":true}]}}