{"id":9643,"date":"2022-02-22T16:14:08","date_gmt":"2022-02-22T16:14:08","guid":{"rendered":"https:\/\/aldo.viriatoeviriato.com\/?post_type=product&#038;p=9643"},"modified":"2022-02-22T16:14:12","modified_gmt":"2022-02-22T16:14:12","slug":"sofa-royal-2","status":"publish","type":"product","link":"https:\/\/aldomanzoni.com\/pt\/produtos\/sofa-royal-2\/","title":{"rendered":"Sof\u00e1 Royal"},"content":{"rendered":"<p>Sof\u00e1 Royal<\/p>\n<p>ref. <strong>RL5200<\/strong><\/p>\n","protected":false},"excerpt":{"rendered":"<h5>sof\u00e1<\/h5>\n<h5>ref. <strong>RL5200<\/strong><\/h5>\n<ul>\n<li>assento e costas em estofo<\/li>\n<li>Laterais em folha de ebano cor n\u00ba 400<\/li>\n<li>P\u00e9s em inox com acabamento latonado<\/li>\n<\/ul>\n<p><strong>Dimens\u00f5es<\/strong><\/p>\n<p>Largura: 2450 mm<br \/>\nProfundidade: 1010 mm<br \/>\nAltura: 800 mm<\/p>\n<p>&nbsp;<\/p>\n<p>As imagens apresentadas s\u00e3o apenas representativas e \u00e9 poss\u00edvel personalizar os acabamentos e tamanhos.<\/p>\n","protected":false},"featured_media":9644,"comment_status":"open","ping_status":"closed","template":"","meta":{"om_disable_all_campaigns":false,"_monsterinsights_skip_tracking":false,"_monsterinsights_sitenote_active":false,"_monsterinsights_sitenote_note":"","_monsterinsights_sitenote_category":0},"product_cat":[59,41,57],"product_tag":[168,103],"_links":{"self":[{"href":"https:\/\/aldomanzoni.com\/pt\/wp-json\/wp\/v2\/product\/9643"}],"collection":[{"href":"https:\/\/aldomanzoni.com\/pt\/wp-json\/wp\/v2\/product"}],"about":[{"href":"https:\/\/aldomanzoni.com\/pt\/wp-json\/wp\/v2\/types\/product"}],"replies":[{"embeddable":true,"href":"https:\/\/aldomanzoni.com\/pt\/wp-json\/wp\/v2\/comments?post=9643"}],"wp:featuredmedia":[{"embeddable":true,"href":"https:\/\/aldomanzoni.com\/pt\/wp-json\/wp\/v2\/media\/9644"}],"wp:attachment":[{"href":"https:\/\/aldomanzoni.com\/pt\/wp-json\/wp\/v2\/media?parent=9643"}],"wp:term":[{"taxonomy":"product_cat","embeddable":true,"href":"https:\/\/aldomanzoni.com\/pt\/wp-json\/wp\/v2\/product_cat?post=9643"},{"taxonomy":"product_tag","embeddable":true,"href":"https:\/\/aldomanzoni.com\/pt\/wp-json\/wp\/v2\/product_tag?post=9643"}],"curies":[{"name":"wp","href":"https:\/\/api.w.org\/{rel}","templated":true}]}}